{"id":56,"date":"2010-05-28T20:13:22","date_gmt":"2010-05-28T18:13:22","guid":{"rendered":"http:\/\/192.168.0.203\/wordpress\/?page_id=56"},"modified":"2015-01-13T20:51:54","modified_gmt":"2015-01-13T19:51:54","slug":"ouverture-dune-rubrique-sur-les-figurines","status":"publish","type":"page","link":"https:\/\/2d6.fr\/?page_id=56","title":{"rendered":"Ouverture d&rsquo;une rubrique sur les figurines !"},"content":{"rendered":"<p>D\u00e9cidant (contraint et forc\u00e9 \ud83d\ude09 ) de recommencer ce loisir qu\u2019est le j<strong>eu d\u2019histoire avec figurines<\/strong> (wargame avec figurines), voici donc une nouvelle rubrique sur ce sujet.<br \/>\nJe compte y mettre l\u2019avancement des projets Espagne36 et France40..<\/p>\n<p>Mais aussi des d\u00e9cors, r\u00e8gles de jeu etc.<\/p>\n<p>Tch\u00f4 !<\/p>\n<p><a href=\"http:\/\/2d6.fr\/wp-content\/uploads\/2010\/05\/tux-napoleon.png\"><img loading=\"lazy\" decoding=\"async\" class=\"alignright wp-image-131 size-full\" title=\"tux-napoleon\" src=\"http:\/\/2d6.fr\/wp-content\/uploads\/2010\/05\/tux-napoleon.png\" alt=\"\" width=\"256\" height=\"256\" srcset=\"https:\/\/2d6.fr\/wp-content\/uploads\/2010\/05\/tux-napoleon.png 256w, https:\/\/2d6.fr\/wp-content\/uploads\/2010\/05\/tux-napoleon-150x150.png 150w\" sizes=\"auto, (max-width: 256px) 100vw, 256px\" \/><\/a><\/p>\n<p><span style=\"color: #808080;\"><em>edit du 11 janvier 2015 :<\/em><\/span><\/p>\n<p><strong>Si vous venez ici par un lien \u00ab\u00a0SYW\u00a0\u00bb vous cherchez en fait :<\/strong>\u00a0 <a title=\"http:\/\/2d6.fr\/?tag=7ans\" href=\"http:\/\/2d6.fr\/?tag=7ans\">http:\/\/2d6.fr\/?tag=7ans<\/a><\/p>\n<p><strong><span style=\"color: #008000;\">If you came here following a link to \u00ab\u00a0SYW\u00a0\u00bb, you want<\/span> <\/strong>: <a title=\"http:\/\/2d6.fr\/?tag=7ans\" href=\"http:\/\/2d6.fr\/?tag=7ans\">http:\/\/2d6.fr\/?tag=7ans<\/a><\/p>\n<p>&nbsp;<\/p>\n","protected":false},"excerpt":{"rendered":"<p>D\u00e9cidant (contraint et forc\u00e9 \ud83d\ude09 ) de recommencer ce loisir qu\u2019est le jeu d\u2019histoire avec figurines (wargame avec figurines), voici donc une nouvelle rubrique sur ce sujet. Je compte y mettre l\u2019avancement des projets Espagne36 et France40.. Mais aussi des d\u00e9cors, r\u00e8gles de jeu etc. Tch\u00f4 ! edit du 11 janvier 2015 : Si vous [&hellip;]<\/p>\n","protected":false},"author":2,"featured_media":0,"parent":17,"menu_order":1,"comment_status":"closed","ping_status":"closed","template":"","meta":{"footnotes":""},"class_list":["post-56","page","type-page","status-publish","hentry"],"_links":{"self":[{"href":"https:\/\/2d6.fr\/index.php?rest_route=\/wp\/v2\/pages\/56","targetHints":{"allow":["GET"]}}],"collection":[{"href":"https:\/\/2d6.fr\/index.php?rest_route=\/wp\/v2\/pages"}],"about":[{"href":"https:\/\/2d6.fr\/index.php?rest_route=\/wp\/v2\/types\/page"}],"author":[{"embeddable":true,"href":"https:\/\/2d6.fr\/index.php?rest_route=\/wp\/v2\/users\/2"}],"replies":[{"embeddable":true,"href":"https:\/\/2d6.fr\/index.php?rest_route=%2Fwp%2Fv2%2Fcomments&post=56"}],"version-history":[{"count":0,"href":"https:\/\/2d6.fr\/index.php?rest_route=\/wp\/v2\/pages\/56\/revisions"}],"up":[{"embeddable":true,"href":"https:\/\/2d6.fr\/index.php?rest_route=\/wp\/v2\/pages\/17"}],"wp:attachment":[{"href":"https:\/\/2d6.fr\/index.php?rest_route=%2Fwp%2Fv2%2Fmedia&parent=56"}],"curies":[{"name":"wp","href":"https:\/\/api.w.org\/{rel}","templated":true}]}}