{"id":4011,"date":"2016-10-16T12:14:20","date_gmt":"2016-10-16T10:14:20","guid":{"rendered":"http:\/\/2d6.fr\/?page_id=4011"},"modified":"2021-02-27T23:40:08","modified_gmt":"2021-02-27T22:40:08","slug":"liste-jeux-de-role","status":"publish","type":"page","link":"https:\/\/2d6.fr\/?page_id=4011","title":{"rendered":"&#8212; liste jeux de r\u00f4le"},"content":{"rendered":"<h1>Liste (non exhaustive) de mes jeux de r\u00f4le :<\/h1>\n<p>( inclus ceux de Tatiana et de Laur\u00e9line )<\/p>\n<p><img loading=\"lazy\" decoding=\"async\" class=\"alignleft  wp-image-4014\" src=\"http:\/\/2d6.fr\/wp-content\/uploads\/2016\/10\/smiley-fou.png\" alt=\"smiley-fou\" width=\"42\" height=\"42\">Dans cette liste, il y a quelques \u00ab\u00a0ovnis\u00a0\u00bb !<\/p>\n<p>J&rsquo;envisage \u00e9galement de commenter chaque jeu&#8230; \u00ab\u00a0y&rsquo;a plus qu&rsquo;\u00e0\u00a0\u00bb !<\/p>\n<p><\/p>\n<ul>\n<li>+ Ironsworn\n<ul>\n<li><a href=\"https:\/\/www.ironswornrpg.com\/\" target=\"_blank\" rel=\"noopener noreferrer\">lien vers son site<\/a><\/li>\n<\/ul>\n<\/li>\n<li>++ 5 \u00e9p\u00e9es bris\u00e9es (un jeu <em>Protocol<\/em> )\n<ul>\n<li><a href=\"https:\/\/www.drivethrurpg.com\/product\/243362\/Cinq-Epees-Brisees-un-jeu-Protocol\" target=\"_blank\" rel=\"noopener noreferrer\">lien vers Drivethrurpg<\/a><\/li>\n<li>Compte rendu d&rsquo;<a title=\"Cinq \u00c9p\u00e9es Bris\u00e9es, jeu de r\u00f4le narrativiste\" href=\"http:\/\/2d6.fr\/?p=4752\">une de nos parties ici&lt;&lt;<\/a><\/li>\n<\/ul>\n<\/li>\n<li>Quill ( avec extensions :&nbsp; &#8211; Quill : Noir &#8211; )\n<ul>\n<li><a href=\"https:\/\/www.drivethrurpg.com\/product\/170400\/Quill-A-LetterWriting-Roleplaying-Game-for-a-Single-Player\" target=\"_blank\" rel=\"noopener noreferrer\">lien vers Drivethrurpg<\/a><\/li>\n<\/ul>\n<\/li>\n<li>Night&rsquo;s Black Agent\n<ul>\n<li><a href=\"http:\/\/www.legrog.org\/jeux\/night-s-black-agents\" target=\"_blank\" rel=\"noopener noreferrer\">lien legrog<\/a><\/li>\n<\/ul>\n<\/li>\n<li>+ One %\n<ul>\n<li><a href=\"http:\/\/www.legrog.org\/jeux\/one-percent\/one-fr\" target=\"_blank\" rel=\"noopener noreferrer\">lien legrog <\/a><\/li>\n<\/ul>\n<\/li>\n<li>Channel Fear\n<ul>\n<li><a href=\"http:\/\/www.legrog.org\/jeux\/channel-fear\" target=\"_blank\" rel=\"noopener noreferrer\">lien legrog <\/a><\/li>\n<\/ul>\n<\/li>\n<li>++ Shadows over Sol\n<ul>\n<li><a href=\"http:\/\/www.tabcreations.com\/site\/Shadows_Over_Sol\" target=\"_blank\" rel=\"noopener noreferrer\">page \u00e9diteur<\/a><\/li>\n<\/ul>\n<\/li>\n<li>+++ Fiasco\n<ul>\n<li><a href=\"http:\/\/www.legrog.org\/informations\/actualites\/16-09-2010-le-fiasco-de-edge\" target=\"_blank\" rel=\"noopener noreferrer\">lien legrog<\/a><\/li>\n<li>Un de nos <a title=\"[jdr] Une folle, un patron et l\u2019agent: une partie d\u00e9jant\u00e9e de Fiasco\" href=\"http:\/\/2d6.fr\/?p=3286\">comptes rendu ici&lt;&lt;<\/a><\/li>\n<\/ul>\n<\/li>\n<li>Pathfinder\n<ul>\n<li><a href=\"http:\/\/www.legrog.org\/jeux\/pathfinder\" target=\"_blank\" rel=\"noopener noreferrer\">lien legrog<\/a><\/li>\n<\/ul>\n<\/li>\n<li>Hexagon\n<ul>\n<li><a href=\"http:\/\/www.legrog.org\/jeux\/hexagon-universe\" target=\"_blank\" rel=\"noopener noreferrer\">lien legrog<\/a>.<\/li>\n<\/ul>\n<\/li>\n<li>++ Mal\u00e9fices\n<ul>\n<li>1ere \u00e9dition <a href=\"http:\/\/www.legrog.org\/jeux\/malefices\/malefices-fr\" target=\"_blank\" rel=\"noopener noreferrer\">lien legrog<\/a><\/li>\n<\/ul>\n<\/li>\n<li>++ Ch\u00e2teau Falkenstein\n<ul>\n<li><a href=\"http:\/\/www.legrog.org\/jeux\/chateau-falkenstein\" target=\"_blank\" rel=\"noopener noreferrer\">lien legrog<\/a><\/li>\n<\/ul>\n<\/li>\n<li>+ L&rsquo;appel de Cthulhu\n<ul>\n<li>1ere \u00e9dition <a href=\"http:\/\/www.legrog.org\/jeux\/appel-de-cthulhu\/call-of-cthulhu-en\" target=\"_blank\" rel=\"noopener noreferrer\">lien legrog<\/a> . Jeu PERDU !&nbsp; \ud83d\ude41&nbsp; 6e \u00e9dition (?)<\/li>\n<\/ul>\n<\/li>\n<li>Miles Christi\n<ul>\n<li><a href=\"http:\/\/www.legrog.org\/jeux\/miles-christi\" target=\"_blank\" rel=\"noopener noreferrer\">lien legrog<\/a><\/li>\n<\/ul>\n<\/li>\n<li>+ W\u00fcrm\n<ul>\n<li><a href=\"http:\/\/www.legrog.org\/jeux\/wurm\" target=\"_blank\" rel=\"noopener noreferrer\">lien legrog <\/a><\/li>\n<\/ul>\n<\/li>\n<li>L&rsquo;Agence\n<ul>\n<li><a href=\"http:\/\/www.legrog.org\/jeux\/agence\" target=\"_blank\" rel=\"noopener noreferrer\">lien legrog <\/a><\/li>\n<\/ul>\n<\/li>\n<li>Prosopop\u00e9e\n<ul>\n<li><a href=\"http:\/\/www.lulu.com\/shop\/fr%C3%A9d%C3%A9ric-sintes\/prosopop%C3%A9e\/paperback\/product-20019144.html\" target=\"_blank\" rel=\"noopener noreferrer\">lien lulu<\/a>.<\/li>\n<\/ul>\n<\/li>\n<li>++ On Mighty Thews\n<ul>\n<li><a href=\"http:\/\/www.legrog.org\/jeux\/on-mighty-thews\/on-mighty-thews-fr\" target=\"_blank\" rel=\"noopener noreferrer\">lien legrog<\/a><\/li>\n<\/ul>\n<\/li>\n<li>+ Bliss Stage\n<ul>\n<li><a href=\"http:\/\/www.legrog.org\/jeux\/bliss-stage\" target=\"_blank\" rel=\"noopener noreferrer\">lien legrog<\/a>.<\/li>\n<\/ul>\n<\/li>\n<li>++ Wastburg\n<ul>\n<li><a href=\"http:\/\/www.legrog.org\/jeux\/wastburg\" target=\"_blank\" rel=\"noopener noreferrer\">lien legrog<\/a>.<\/li>\n<\/ul>\n<\/li>\n<li>+ FU rpg\n<ul>\n<li><a href=\"http:\/\/www.legrog.org\/jeux\/fu\" target=\"_blank\" rel=\"noopener noreferrer\">lien legrog<\/a><\/li>\n<li>Syst\u00e8me sur lequel est bas\u00e9 <em><strong>Wastburg<\/strong><\/em>.<\/li>\n<\/ul>\n<\/li>\n<li>Dogs in the Vineyard\n<ul>\n<li><a href=\"http:\/\/www.legrog.org\/jeux\/dogs-in-the-vineyard\" target=\"_blank\" rel=\"noopener noreferrer\">lien legrog<\/a><\/li>\n<\/ul>\n<\/li>\n<li>Remember Tomorrow\n<ul>\n<li><a href=\"http:\/\/www.black-book-editions.fr\/produit.php?id=510\" target=\"_blank\" rel=\"noopener noreferrer\">lien Black Book<\/a>.<\/li>\n<\/ul>\n<\/li>\n<li>+ Te Deum pour un Massacre\n<ul>\n<li><a href=\"http:\/\/www.legrog.org\/jeux\/te-deum-pour-un-massacre\" target=\"_blank\" rel=\"noopener noreferrer\">lien legrog<\/a>.<\/li>\n<\/ul>\n<\/li>\n<li>White Lies\n<ul>\n<li><a href=\"http:\/\/www.legrog.org\/jeux\/white-lies\" target=\"_blank\" rel=\"noopener noreferrer\">lien legrog<\/a>.<\/li>\n<\/ul>\n<\/li>\n<li>La lune et douze lotus\n<ul>\n<li><a href=\"http:\/\/www.legrog.org\/jeux\/lune-et-douze-lotus\" target=\"_blank\" rel=\"noopener noreferrer\">lien legrog<\/a>.<\/li>\n<\/ul>\n<\/li>\n<li>Pirates\n<ul>\n<li><a href=\"http:\/\/www.lulu.com\/shop\/micha%C3%ABl-janod\/pirates-version-fran%C3%A7aise\/paperback\/product-21866646.html\" target=\"_blank\" rel=\"noopener noreferrer\">lien lulu<\/a>.<\/li>\n<\/ul>\n<\/li>\n<li>Nanochrome\n<ul>\n<li><a href=\"http:\/\/www.legrog.org\/jeux\/nanochrome\" target=\"_blank\" rel=\"noopener noreferrer\">lien legrog<\/a>.<\/li>\n<\/ul>\n<\/li>\n<li>L\u00e9gendes Celtiques\n<ul>\n<li><a href=\"http:\/\/www.legrog.org\/jeux\/legendes\/legendes-celtiques\/legendes-celtiques-fr\" target=\"_blank\" rel=\"noopener noreferrer\">lien legrog<\/a> [ et dire qu&rsquo;on y a beaucoup jou\u00e9 \u00e0 l&rsquo;\u00e9poque ! ]<\/li>\n<\/ul>\n<\/li>\n<li>Premi\u00e8res L\u00e9gendes\n<ul>\n<li><a href=\"http:\/\/www.legrog.org\/jeux\/legendes-celtiques\" target=\"_blank\" rel=\"noopener noreferrer\">lien legrog<\/a><\/li>\n<\/ul>\n<\/li>\n<li>L\u00e9gendes des 1001 nuits\n<ul>\n<li><a href=\"http:\/\/www.legrog.org\/jeux\/legendes\/legendes-des-1001-nuits\/legendes-des-mille-et-une-nuits-fr\" target=\"_blank\" rel=\"noopener noreferrer\">lien legrog<\/a><\/li>\n<\/ul>\n<\/li>\n<li>James Bond\n<ul>\n<li><a href=\"http:\/\/www.legrog.org\/jeux\/james-bond-007\" target=\"_blank\" rel=\"noopener noreferrer\">lien legrog<\/a><\/li>\n<\/ul>\n<\/li>\n<li>Chill\n<ul>\n<li><a href=\"http:\/\/www.legrog.org\/jeux\/chill\/chill-2eme-ed-fr\" target=\"_blank\" rel=\"noopener noreferrer\">lien legrog<\/a>.<\/li>\n<\/ul>\n<\/li>\n<li>Aftermath\n<ul>\n<li><a href=\"http:\/\/www.legrog.org\/jeux\/aftermath\" target=\"_blank\" rel=\"noopener noreferrer\">lien legrog<\/a>&nbsp; [et en plus on y a jou\u00e9 ! si si ! ]<\/li>\n<\/ul>\n<\/li>\n<li>+ Traveller\n<ul>\n<li><a href=\"http:\/\/www.legrog.org\/jeux\/traveller\/classic-traveller\/traveller-1ere-ed-revisee-de-en\" target=\"_blank\" rel=\"noopener noreferrer\">lien legrog<\/a><\/li>\n<\/ul>\n<\/li>\n<li>+ Behind the Ennemy Lines\n<ul>\n<li><a href=\"http:\/\/www.legrog.org\/jeux\/behind-enemy-lines\" target=\"_blank\" rel=\"noopener noreferrer\">lien le grog<\/a><\/li>\n<\/ul>\n<\/li>\n<li>Runequest\n<ul>\n<li><a href=\"http:\/\/www.legrog.org\/jeux\/runequest\" target=\"_blank\" rel=\"noopener noreferrer\">lien le grog <\/a>. 2e \u00e9dition<\/li>\n<\/ul>\n<\/li>\n<li>Bimbo\n<ul>\n<li><a href=\"http:\/\/www.legrog.org\/jeux\/bimbo\" target=\"_blank\" rel=\"noopener noreferrer\">lien legrog<\/a>.<\/li>\n<\/ul>\n<\/li>\n<li>Rushmore\n<ul>\n<li><a href=\"http:\/\/www.legrog.org\/jeux\/rushmore\/rushmore-fr\" target=\"_blank\" rel=\"noopener noreferrer\">lien legrog<\/a>.<\/li>\n<\/ul>\n<\/li>\n<li>+ Chroniques Oubli\u00e9es\n<ul>\n<li>plusieurs versions <a href=\"http:\/\/www.legrog.org\/jeux\/chroniques-oubliees\" target=\"_blank\" rel=\"noopener noreferrer\">lien legrog<\/a>.<\/li>\n<\/ul>\n<\/li>\n<li>Monsterhearts\n<ul>\n<li><a href=\"http:\/\/www.legrog.org\/jeux\/monsterhearts\" target=\"_blank\" rel=\"noopener noreferrer\">lien legrog<\/a>.<\/li>\n<\/ul>\n<\/li>\n<li>D&amp;D bo\u00eete de base<\/li>\n<li>AD&amp;D\n<ul>\n<li>partiellement pr\u00eat\u00e9s et perdus !<\/li>\n<\/ul>\n<\/li>\n<li>Paranoia\n<ul>\n<li><a href=\"http:\/\/www.legrog.org\/jeux\/paranoia\" target=\"_blank\" rel=\"noopener noreferrer\">lien le grog<\/a>.<\/li>\n<\/ul>\n<\/li>\n<li>Privateers and Gentlemen\n<ul>\n<li><a href=\"http:\/\/www.legrog.org\/jeux\/privateers-gentlemen\" target=\"_blank\" rel=\"noopener noreferrer\">lien legrog<\/a><\/li>\n<\/ul>\n<\/li>\n<li>Star Wars\n<ul>\n<li>1ere \u00e9dition<\/li>\n<\/ul>\n<\/li>\n<li>JRTM\n<ul>\n<li>en VF <a href=\"http:\/\/www.legrog.org\/jeux\/jeu-de-role-des-terres-du-milieu\" target=\"_blank\" rel=\"noopener noreferrer\">lien le grog<\/a><\/li>\n<li>en VO de 1984 <a href=\"http:\/\/www.legrog.org\/jeux\/jeu-de-role-des-terres-du-milieu\/middle-earth-role-playing-en\" target=\"_blank\" rel=\"noopener noreferrer\">lien le grog<\/a><\/li>\n<\/ul>\n<\/li>\n<li>Deadline<\/li>\n<li>Car Wars\n<ul>\n<li>( dans notre version jdr en plus du jeu de plateau)<\/li>\n<\/ul>\n<\/li>\n<li>Empire Galactique\n<ul>\n<li><a href=\"http:\/\/www.legrog.org\/jeux\/empire-galactique\" target=\"_blank\" rel=\"noopener noreferrer\">lien legrog<\/a>.<\/li>\n<\/ul>\n<\/li>\n<li>Chivalry &amp; Sorcery\n<ul>\n<li><a href=\"http:\/\/www.legrog.org\/jeux\/chivalry-sorcery\/chivalry-sorcery-1ere-ed-2eme-imp-en\" target=\"_blank\" rel=\"noopener noreferrer\">lien legrog<\/a>.<\/li>\n<\/ul>\n<\/li>\n<li>Post-Mortem\n<ul>\n<li><a href=\"http:\/\/www.legrog.org\/jeux\/post-mortem\" target=\"_blank\" rel=\"noopener noreferrer\">lien legrog<\/a><\/li>\n<\/ul>\n<\/li>\n<li>MASHED\n<ul>\n<li><a href=\"https:\/\/www.rpg.net\/reviews\/archive\/17\/17094.phtml\" target=\"_blank\" rel=\"noopener noreferrer\">lien rpg.net<\/a><\/li>\n<\/ul>\n<\/li>\n<li>&nbsp;<\/li>\n<\/ul>\n<p>il en reste \u00e0 ajouter .. surtout ceux achet\u00e9s en PDF.. ! \ud83d\ude09<\/p>\n<p>Je n&rsquo;inclus pas certains jeux achet\u00e9s ( ou t\u00e9l\u00e9charg\u00e9s dans leur version gratuite) \u00ab\u00a0Juste pour la lecture \/ par curiosit\u00e9\u00a0\u00bb, ni mes propres jeux. ( <em>m\u00eame si certains sont plus que complets et utilis\u00e9s, je sais, je sais Ga\u00ebtan !<\/em> \ud83d\ude09 )<\/p>\n<p>De m\u00eame je n&rsquo;ai pas mis les tr\u00e8s nombreux jeux auxquels j&rsquo;ai pu jouer (ou joue encore) avec mes potes ou \u00e0 l&rsquo;\u00e9poque ou je fr\u00e9quentais <em>Strat\u00e8ges &amp; Mal\u00e9fices<\/em>.<\/p>\n<p><\/p>\n<hr>\n<h3>liste on-line des derni\u00e8res parties jou\u00e9es que j&rsquo;ai enregistr\u00e9 sur boardgamegeek.com :<\/h3>\n\n<p><img decoding=\"async\" src=\"https:\/\/boardgamegeek.com\/jswidget.php?username=ronanr&#038;numitems=5&#038;header=1&#038;text=title&#038;images=medium&#038;show=recentplays&#038;imagesonly=1&#038;imagepos=right&#038;inline=1&#038;addstyles=1&#038;domains%5B%5D=boardgame&#038;imagewidget=1\" border=\"0\"\/><\/p>\n","protected":false},"excerpt":{"rendered":"<p>Liste (non exhaustive) de mes jeux de r\u00f4le : ( inclus ceux de Tatiana et de Laur\u00e9line ) Dans cette liste, il y a quelques \u00ab\u00a0ovnis\u00a0\u00bb ! J&rsquo;envisage \u00e9galement de commenter chaque jeu&#8230; \u00ab\u00a0y&rsquo;a plus qu&rsquo;\u00e0\u00a0\u00bb ! + Ironsworn lien vers son site ++ 5 \u00e9p\u00e9es bris\u00e9es (un jeu Protocol ) lien vers Drivethrurpg Compte [&hellip;]<\/p>\n","protected":false},"author":2,"featured_media":0,"parent":17,"menu_order":0,"comment_status":"open","ping_status":"closed","template":"","meta":{"footnotes":""},"class_list":["post-4011","page","type-page","status-publish","hentry"],"_links":{"self":[{"href":"https:\/\/2d6.fr\/index.php?rest_route=\/wp\/v2\/pages\/4011","targetHints":{"allow":["GET"]}}],"collection":[{"href":"https:\/\/2d6.fr\/index.php?rest_route=\/wp\/v2\/pages"}],"about":[{"href":"https:\/\/2d6.fr\/index.php?rest_route=\/wp\/v2\/types\/page"}],"author":[{"embeddable":true,"href":"https:\/\/2d6.fr\/index.php?rest_route=\/wp\/v2\/users\/2"}],"replies":[{"embeddable":true,"href":"https:\/\/2d6.fr\/index.php?rest_route=%2Fwp%2Fv2%2Fcomments&post=4011"}],"version-history":[{"count":0,"href":"https:\/\/2d6.fr\/index.php?rest_route=\/wp\/v2\/pages\/4011\/revisions"}],"up":[{"embeddable":true,"href":"https:\/\/2d6.fr\/index.php?rest_route=\/wp\/v2\/pages\/17"}],"wp:attachment":[{"href":"https:\/\/2d6.fr\/index.php?rest_route=%2Fwp%2Fv2%2Fmedia&parent=4011"}],"curies":[{"name":"wp","href":"https:\/\/api.w.org\/{rel}","templated":true}]}}