{"id":17,"date":"2010-05-29T12:24:33","date_gmt":"2010-05-29T10:24:33","guid":{"rendered":"http:\/\/192.168.0.203\/wordpress\/?page_id=17"},"modified":"2015-05-09T20:43:09","modified_gmt":"2015-05-09T18:43:09","slug":"accueil","status":"publish","type":"page","link":"https:\/\/2d6.fr\/?page_id=17","title":{"rendered":"Bienvenue !"},"content":{"rendered":"<h1>Bienvenue chez Ronan !<\/h1>\n<p>Vous trouverez ici des ressources initialement destin\u00e9es \u00e0 l&rsquo;administration des serveurs et postes de travail GNU\/linux..<\/p>\n<p>.. Mais vous trouverez \u00e9galement ( <strong>surtout<\/strong> ? \ud83d\ude09 )des articles plus ludiques concernant ce loisir qu&rsquo;est le <a href=\"http:\/\/fr.wikipedia.org\/wiki\/Jeu_de_guerre\">jeu d&rsquo;Histoire avec Figurines<\/a>.<\/p>\n<h6>Pourquoi ce blog ?<\/h6>\n<p>Parce que on me redemande souvent les m\u00eames informations, alors je me dis qu&rsquo;il sera plus simple de les mettre directement <em>en ligne<\/em>.<\/p>\n<p>J&rsquo;aurai pu faire \u00e9galement un site web complet, mais je me suis dit que c&rsquo;\u00e9tait l&rsquo;occasion de faire la d\u00e9monstration de ces moteurs de contenu web que sont <em>wordpress<\/em>, <em>dotclear<\/em> ou <em>plume<\/em>.<\/p>\n<h6>Pourquoi une pr\u00e9sentation aussi l\u00e9g\u00e8re\/simpliste ?<\/h6>\n<p>Parceque ! \ud83d\ude09 je voulais quelquechose de sobre et rapide, mais il est \u00e9galement possible d&rsquo;avoir une pr\u00e9sentation \/ mise en page tr\u00e8s sophistiqu\u00e9e.<\/p>\n<h5>Bonne lecture !<\/h5>\n<p><span style=\"color: #000080;\">\u00a0<\/span><\/p>\n<p><a href=\"http:\/\/smolensk.homelinux.org\/wp-content\/uploads\/2010\/05\/tux-bond.png\"><img loading=\"lazy\" decoding=\"async\" class=\"aligncenter size-full wp-image-128\" src=\"http:\/\/2d6.fr\/wp-content\/uploads\/2010\/05\/tux-bond.png\" alt=\"tux-bond\" width=\"256\" height=\"256\" srcset=\"https:\/\/2d6.fr\/wp-content\/uploads\/2010\/05\/tux-bond.png 256w, https:\/\/2d6.fr\/wp-content\/uploads\/2010\/05\/tux-bond-150x150.png 150w\" sizes=\"auto, (max-width: 256px) 100vw, 256px\" \/><\/a><\/p>\n","protected":false},"excerpt":{"rendered":"<p>Bienvenue chez Ronan ! Vous trouverez ici des ressources initialement destin\u00e9es \u00e0 l&rsquo;administration des serveurs et postes de travail GNU\/linux.. .. Mais vous trouverez \u00e9galement ( surtout ? \ud83d\ude09 )des articles plus ludiques concernant ce loisir qu&rsquo;est le jeu d&rsquo;Histoire avec Figurines. Pourquoi ce blog ? Parce que on me redemande souvent les m\u00eames informations, [&hellip;]<\/p>\n","protected":false},"author":2,"featured_media":0,"parent":0,"menu_order":0,"comment_status":"closed","ping_status":"closed","template":"","meta":{"footnotes":""},"class_list":["post-17","page","type-page","status-publish","hentry"],"_links":{"self":[{"href":"https:\/\/2d6.fr\/index.php?rest_route=\/wp\/v2\/pages\/17","targetHints":{"allow":["GET"]}}],"collection":[{"href":"https:\/\/2d6.fr\/index.php?rest_route=\/wp\/v2\/pages"}],"about":[{"href":"https:\/\/2d6.fr\/index.php?rest_route=\/wp\/v2\/types\/page"}],"author":[{"embeddable":true,"href":"https:\/\/2d6.fr\/index.php?rest_route=\/wp\/v2\/users\/2"}],"replies":[{"embeddable":true,"href":"https:\/\/2d6.fr\/index.php?rest_route=%2Fwp%2Fv2%2Fcomments&post=17"}],"version-history":[{"count":0,"href":"https:\/\/2d6.fr\/index.php?rest_route=\/wp\/v2\/pages\/17\/revisions"}],"wp:attachment":[{"href":"https:\/\/2d6.fr\/index.php?rest_route=%2Fwp%2Fv2%2Fmedia&parent=17"}],"curies":[{"name":"wp","href":"https:\/\/api.w.org\/{rel}","templated":true}]}}